{"id":550,"date":"2024-09-23T17:14:31","date_gmt":"2024-09-23T15:14:31","guid":{"rendered":"https:\/\/feinwerk-innenausbau.de\/?page_id=550"},"modified":"2024-09-25T17:59:43","modified_gmt":"2024-09-25T15:59:43","slug":"kontakt","status":"publish","type":"page","link":"https:\/\/feinwerk-innenausbau.de\/?page_id=550","title":{"rendered":"Kontakt"},"content":{"rendered":"\t\t<div data-elementor-type=\"wp-page\" data-elementor-id=\"550\" class=\"elementor elementor-550\">\n\t\t\t\t\t\t<section class=\"elementor-section elementor-top-section elementor-element elementor-element-b1d6bb0 elementor-section-height-min-height elementor-section-content-middle elementor-section-boxed elementor-section-height-default elementor-section-items-middle\" data-id=\"b1d6bb0\" data-element_type=\"section\" data-settings=\"{&quot;background_background&quot;:&quot;slideshow&quot;,&quot;background_slideshow_gallery&quot;:[{&quot;id&quot;:424,&quot;url&quot;:&quot;https:\\\/\\\/feinwerk-innenausbau.de\\\/wp-content\\\/uploads\\\/2024\\\/07\\\/Header_Slider.jpg&quot;}],&quot;background_slideshow_transition_duration&quot;:1000,&quot;background_slideshow_ken_burns&quot;:&quot;yes&quot;,&quot;background_slideshow_slide_duration&quot;:5000,&quot;background_slideshow_slide_transition&quot;:&quot;fade&quot;,&quot;background_slideshow_ken_burns_zoom_direction&quot;:&quot;in&quot;}\">\n\t\t\t\t\t\t\t<div class=\"elementor-background-overlay\"><\/div>\n\t\t\t\t\t\t\t<div class=\"elementor-container elementor-column-gap-no\">\n\t\t\t\t\t<div class=\"aux-parallax-section elementor-column elementor-col-100 elementor-top-column elementor-element elementor-element-b59c92c\" data-id=\"b59c92c\" data-element_type=\"column\">\n\t\t\t<div class=\"elementor-widget-wrap elementor-element-populated\">\n\t\t\t\t\t\t<section class=\"elementor-section elementor-inner-section elementor-element elementor-element-eaa3f16 elementor-section-content-middle elementor-section-boxed elementor-section-height-default elementor-section-height-default\" data-id=\"eaa3f16\" data-element_type=\"section\">\n\t\t\t\t\t\t<div class=\"elementor-container elementor-column-gap-no\">\n\t\t\t\t\t<div class=\"aux-parallax-section elementor-column elementor-col-100 elementor-inner-column elementor-element elementor-element-db655c3\" data-id=\"db655c3\" data-element_type=\"column\">\n\t\t\t<div class=\"elementor-widget-wrap elementor-element-populated\">\n\t\t\t\t\t\t<div class=\"elementor-element elementor-element-2827654 aux-appear-watch-animation aux-slide-from-top elementor-widget elementor-widget-aux_modern_heading\" data-id=\"2827654\" data-element_type=\"widget\" data-widget_type=\"aux_modern_heading.default\">\n\t\t\t\t<div class=\"elementor-widget-container\">\n\t\t\t\t\t<section class=\"aux-widget-modern-heading\">\n            <div class=\"aux-widget-inner\"><span class=\"aux-modern-heading-primary\"><\/span><h2 class=\"aux-modern-heading-secondary\"><span class=\"aux-head-before\">Kontakt<\/span><\/h2><\/div>\n        <\/section>\t\t\t\t<\/div>\n\t\t\t\t<\/div>\n\t\t\t\t\t<\/div>\n\t\t<\/div>\n\t\t\t\t\t<\/div>\n\t\t<\/section>\n\t\t\t\t\t<\/div>\n\t\t<\/div>\n\t\t\t\t\t<\/div>\n\t\t<\/section>\n\t\t\t\t<section class=\"elementor-section elementor-top-section elementor-element elementor-element-bd0d562 elementor-section-content-middle elementor-section-stretched elementor-section-boxed elementor-section-height-default elementor-section-height-default\" data-id=\"bd0d562\" data-element_type=\"section\" data-settings=\"{&quot;background_background&quot;:&quot;classic&quot;,&quot;stretch_section&quot;:&quot;section-stretched&quot;}\">\n\t\t\t\t\t\t\t<div class=\"elementor-background-overlay\"><\/div>\n\t\t\t\t\t\t\t<div class=\"elementor-container elementor-column-gap-wider\">\n\t\t\t\t\t<div class=\"aux-parallax-section elementor-column elementor-col-50 elementor-top-column elementor-element elementor-element-567d57d\" data-id=\"567d57d\" data-element_type=\"column\">\n\t\t\t<div class=\"elementor-widget-wrap elementor-element-populated\">\n\t\t\t\t\t\t<div class=\"elementor-element elementor-element-c7ebcb3 aux-appear-watch-animation aux-fade-in-up elementor-widget-tablet__width-auto elementor-widget-mobile__width-auto elementor-widget elementor-widget-aux_text\" data-id=\"c7ebcb3\" data-element_type=\"widget\" data-widget_type=\"aux_text.default\">\n\t\t\t\t<div class=\"elementor-widget-container\">\n\t\t\t\t\t<section class=\"widget-container aux-widget-text aux-parent-au803a7e8b\">        <div class=\"aux-widget-advanced-text aux-wrap-style-simple aux-ico-pos-left aux-text-left aux-text-resp-left aux-text-color-dark aux-text-widget-bg-center  aux-text-padding-fix \" >\n        \n                            <div class=\"aux-text-widget-header \"  >\n                        <div class=\"aux-ico-box aux-ico-large aux-ico-shape-circle aux-ico-clear \">\n                            <i aria-hidden=\"true\" class=\"aux-ico auxicon auxicon-phone-4\"><\/i>                        <\/div>\n                <\/div>\n            \n            <div class=\"aux-text-inner aux-text-widget-content\">\n                                <h4 class=\"col-title\">Telefon:<\/h4>\n                                <div class=\"widget-content\">\n                                        <p style=\"text-align: left\">+49 (0) 561 430 79 777<br \/>+49 (0) 173 711 88 72\u2028<br \/>info(at)feinwerk-innenausbau.de<\/p>                <\/div>\n                            <\/div>\n        <\/div>\n                    <div class=\"aux-text-widget-footer\">\n                <div class=\"aux-border-shape-none \">\n                                <\/div>\n            <\/div>\n        \n<\/section><!-- widget-container -->\t\t\t\t<\/div>\n\t\t\t\t<\/div>\n\t\t\t\t<div class=\"elementor-element elementor-element-d39287b aux-appear-watch-animation aux-fade-in-up elementor-widget-tablet__width-auto elementor-widget-mobile__width-auto elementor-widget elementor-widget-aux_text\" data-id=\"d39287b\" data-element_type=\"widget\" data-widget_type=\"aux_text.default\">\n\t\t\t\t<div class=\"elementor-widget-container\">\n\t\t\t\t\t<section class=\"widget-container aux-widget-text aux-parent-aucda9e2be\">        <div class=\"aux-widget-advanced-text aux-wrap-style-simple aux-ico-pos-left aux-text-left aux-text-resp-left aux-text-color-dark aux-text-widget-bg-center  aux-text-padding-fix \" >\n        \n                            <div class=\"aux-text-widget-header \"  >\n                        <div class=\"aux-ico-box aux-ico-large aux-ico-shape-circle aux-ico-clear \">\n                            <i aria-hidden=\"true\" class=\"aux-ico auxicon auxicon-map-pin\"><\/i>                        <\/div>\n                <\/div>\n            \n            <div class=\"aux-text-inner aux-text-widget-content\">\n                                <h4 class=\"col-title\">Anschrift:<\/h4>\n                                <div class=\"widget-content\">\n                                        <p style=\"text-align: left\">N\u00fcrnberger Stra\u00dfe 123<br \/>34123 Kassel<\/p>                <\/div>\n                            <\/div>\n        <\/div>\n                    <div class=\"aux-text-widget-footer\">\n                <div class=\"aux-border-shape-none \">\n                                <\/div>\n            <\/div>\n        \n<\/section><!-- widget-container -->\t\t\t\t<\/div>\n\t\t\t\t<\/div>\n\t\t\t\t<div class=\"elementor-element elementor-element-32bdb21 aux-appear-watch-animation aux-fade-in-up elementor-widget-tablet__width-auto elementor-widget-mobile__width-auto elementor-widget elementor-widget-aux_text\" data-id=\"32bdb21\" data-element_type=\"widget\" data-widget_type=\"aux_text.default\">\n\t\t\t\t<div class=\"elementor-widget-container\">\n\t\t\t\t\t<section class=\"widget-container aux-widget-text aux-parent-au8653bc24\">        <div class=\"aux-widget-advanced-text aux-wrap-style-simple aux-ico-pos-left aux-text-left aux-text-resp-left aux-text-color-dark aux-text-widget-bg-center  aux-text-padding-fix \" >\n        \n                            <div class=\"aux-text-widget-header \"  >\n                        <div class=\"aux-ico-box aux-ico-large aux-ico-shape-circle aux-ico-clear \">\n                            <i aria-hidden=\"true\" class=\"aux-ico auxicon auxicon-clock-6\"><\/i>                        <\/div>\n                <\/div>\n            \n            <div class=\"aux-text-inner aux-text-widget-content\">\n                                <h4 class=\"col-title\">\u00d6ffnungszeiten:<\/h4>\n                                <div class=\"widget-content\">\n                                        <p>Mo. - Fr.:\u00a0\u00a0\u00a0 09.00 - 18.00 Uhr<br \/>Sa. - So- :\u00a0\u00a0 Geschlossen<\/p>                <\/div>\n                            <\/div>\n        <\/div>\n                    <div class=\"aux-text-widget-footer\">\n                <div class=\"aux-border-shape-none \">\n                                <\/div>\n            <\/div>\n        \n<\/section><!-- widget-container -->\t\t\t\t<\/div>\n\t\t\t\t<\/div>\n\t\t\t\t\t<\/div>\n\t\t<\/div>\n\t\t\t\t<div class=\"aux-parallax-section elementor-column elementor-col-50 elementor-top-column elementor-element elementor-element-09d0637\" data-id=\"09d0637\" data-element_type=\"column\">\n\t\t\t<div class=\"elementor-widget-wrap elementor-element-populated\">\n\t\t\t\t\t\t<div class=\"elementor-element elementor-element-3320af6 elementor-widget elementor-widget-aux_contact_form\" data-id=\"3320af6\" data-element_type=\"widget\" data-widget_type=\"aux_contact_form.default\">\n\t\t\t\t<div class=\"elementor-widget-container\">\n\t\t\t\t\t<section class=\"widget-container aux-widget-contact-form aux-parent-au7ceb2fac\">            <div class=\"aux-col-wrapper aux-no-gutter\">\n            <!-- @TODO - The output for element here -->\n\n            \n<div class=\"wpcf7 no-js\" id=\"wpcf7-f73-o1\" lang=\"de-DE\" dir=\"ltr\" data-wpcf7-id=\"73\">\n<div class=\"screen-reader-response\"><p role=\"status\" aria-live=\"polite\" aria-atomic=\"true\"><\/p> <ul><\/ul><\/div>\n<form action=\"\/index.php?rest_route=%2Fwp%2Fv2%2Fpages%2F550#wpcf7-f73-o1\" method=\"post\" class=\"wpcf7-form init\" aria-label=\"Kontaktformular\" novalidate=\"novalidate\" data-status=\"init\">\n<fieldset class=\"hidden-fields-container\"><input type=\"hidden\" name=\"_wpcf7\" value=\"73\" \/><input type=\"hidden\" name=\"_wpcf7_version\" value=\"6.1.1\" \/><input type=\"hidden\" name=\"_wpcf7_locale\" value=\"de_DE\" \/><input type=\"hidden\" name=\"_wpcf7_unit_tag\" value=\"wpcf7-f73-o1\" \/><input type=\"hidden\" name=\"_wpcf7_container_post\" value=\"0\" \/><input type=\"hidden\" name=\"_wpcf7_posted_data_hash\" value=\"\" \/>\n<\/fieldset>\n<p><label> Ihr Name<br \/>\n<span class=\"wpcf7-form-control-wrap\" data-name=\"your-name\"><input size=\"40\" maxlength=\"400\" class=\"wpcf7-form-control wpcf7-text wpcf7-validates-as-required\" autocomplete=\"Name\" aria-required=\"true\" aria-invalid=\"false\" value=\"\" type=\"text\" name=\"your-name\" \/><\/span> <\/label>\n<\/p>\n<p><label> E-Mail<br \/>\n<span class=\"wpcf7-form-control-wrap\" data-name=\"your-email\"><input size=\"40\" maxlength=\"400\" class=\"wpcf7-form-control wpcf7-email wpcf7-validates-as-required wpcf7-text wpcf7-validates-as-email\" autocomplete=\"Email\" aria-required=\"true\" aria-invalid=\"false\" value=\"\" type=\"email\" name=\"your-email\" \/><\/span> <\/label>\n<\/p>\n<p><label> Betreff<br \/>\n<span class=\"wpcf7-form-control-wrap\" data-name=\"your-subject\"><input size=\"40\" maxlength=\"400\" class=\"wpcf7-form-control wpcf7-text wpcf7-validates-as-required\" aria-required=\"true\" aria-invalid=\"false\" value=\"\" type=\"text\" name=\"your-subject\" \/><\/span> <\/label>\n<\/p>\n<p><label> Telefon<br \/>\n<span class=\"wpcf7-form-control-wrap\" data-name=\"Telefon\"><input size=\"40\" maxlength=\"400\" class=\"wpcf7-form-control wpcf7-tel wpcf7-text wpcf7-validates-as-tel\" aria-invalid=\"false\" value=\"\" type=\"tel\" name=\"Telefon\" \/><\/span> <\/label>\n<\/p>\n<p><label> Ihre Nachricht (optional)<br \/>\n<span class=\"wpcf7-form-control-wrap\" data-name=\"your-message\"><textarea cols=\"40\" rows=\"10\" maxlength=\"2000\" class=\"wpcf7-form-control wpcf7-textarea\" aria-invalid=\"false\" name=\"your-message\"><\/textarea><\/span> <\/label>\n<\/p>\n<p><span class=\"wpcf7-form-control-wrap\" data-name=\"Datenschutz\"><span class=\"wpcf7-form-control wpcf7-acceptance\"><span class=\"wpcf7-list-item\"><label><input type=\"checkbox\" name=\"Datenschutz\" value=\"1\" aria-invalid=\"false\" \/><span class=\"wpcf7-list-item-label\">Ich stimme der <a href=\"https:\/\/feinwerk-innenausbau.de\/?page_id=393\" target=\"_blank\">Datenschutzerkl\u00e4rung<\/a> dieser Seite zu.*<\/span><\/label><\/span><\/span><\/span>\n<\/p>\n<p><input class=\"wpcf7-form-control wpcf7-submit has-spinner\" type=\"submit\" value=\"Absenden\" \/>\n<\/p><div class=\"wpcf7-response-output\" aria-hidden=\"true\"><\/div>\n<\/form>\n<\/div>\n\n\n            <\/div><!-- aux-col-wrapper -->\n    <\/section><!-- widget-container -->\t\t\t\t<\/div>\n\t\t\t\t<\/div>\n\t\t\t\t\t<\/div>\n\t\t<\/div>\n\t\t\t\t\t<\/div>\n\t\t<\/section>\n\t\t\t\t<\/div>\n\t\t","protected":false},"excerpt":{"rendered":"<p>Kontakt Telefon: +49 (0) 561 430 79 777+49 (0) 173 711 88 72\u2028info(at)feinwerk-innenausbau.de Anschrift: N\u00fcrnberger Stra\u00dfe 12334123 Kassel \u00d6ffnungszeiten: Mo. &#8211; Fr.:\u00a0\u00a0\u00a0 09.00 &#8211; 18.00 UhrSa. &#8211; So- :\u00a0\u00a0 Geschlossen Ihr Name E-Mail Betreff Telefon Ihre Nachricht (optional) Ich stimme der Datenschutzerkl\u00e4rung dieser Seite zu.*<\/p>\n","protected":false},"author":1,"featured_media":0,"parent":0,"menu_order":0,"comment_status":"closed","ping_status":"closed","template":"templates\/page-builder-content.php","meta":{"footnotes":""},"class_list":["post-550","page","type-page","status-publish","hentry"],"yoast_head":"<!-- This site is optimized with the Yoast SEO plugin v25.6 - https:\/\/yoast.com\/wordpress\/plugins\/seo\/ -->\n<title>Kontakt - Feinwerk Innenausbau<\/title>\n<meta name=\"robots\" content=\"index, follow, max-snippet:-1, max-image-preview:large, max-video-preview:-1\" \/>\n<link rel=\"canonical\" href=\"https:\/\/feinwerk-innenausbau.de\/?page_id=550\" \/>\n<meta property=\"og:locale\" content=\"de_DE\" \/>\n<meta property=\"og:type\" content=\"article\" \/>\n<meta property=\"og:title\" content=\"Kontakt - Feinwerk Innenausbau\" \/>\n<meta property=\"og:description\" content=\"Kontakt Telefon: +49 (0) 561 430 79 777+49 (0) 173 711 88 72\u2028info(at)feinwerk-innenausbau.de Anschrift: N\u00fcrnberger Stra\u00dfe 12334123 Kassel \u00d6ffnungszeiten: Mo. &#8211; Fr.:\u00a0\u00a0\u00a0 09.00 &#8211; 18.00 UhrSa. &#8211; So- :\u00a0\u00a0 Geschlossen Ihr Name E-Mail Betreff Telefon Ihre Nachricht (optional) Ich stimme der Datenschutzerkl\u00e4rung dieser Seite zu.*\" \/>\n<meta property=\"og:url\" content=\"https:\/\/feinwerk-innenausbau.de\/?page_id=550\" \/>\n<meta property=\"og:site_name\" content=\"Feinwerk Innenausbau\" \/>\n<meta property=\"article:modified_time\" content=\"2024-09-25T15:59:43+00:00\" \/>\n<meta name=\"twitter:card\" content=\"summary_large_image\" \/>\n<meta name=\"twitter:label1\" content=\"Gesch\u00e4tzte Lesezeit\" \/>\n\t<meta name=\"twitter:data1\" content=\"1\u00a0Minute\" \/>\n<script type=\"application\/ld+json\" class=\"yoast-schema-graph\">{\"@context\":\"https:\/\/schema.org\",\"@graph\":[{\"@type\":\"WebPage\",\"@id\":\"https:\/\/feinwerk-innenausbau.de\/?page_id=550\",\"url\":\"https:\/\/feinwerk-innenausbau.de\/?page_id=550\",\"name\":\"Kontakt - Feinwerk Innenausbau\",\"isPartOf\":{\"@id\":\"https:\/\/feinwerk-innenausbau.de\/#website\"},\"datePublished\":\"2024-09-23T15:14:31+00:00\",\"dateModified\":\"2024-09-25T15:59:43+00:00\",\"breadcrumb\":{\"@id\":\"https:\/\/feinwerk-innenausbau.de\/?page_id=550#breadcrumb\"},\"inLanguage\":\"de\",\"potentialAction\":[{\"@type\":\"ReadAction\",\"target\":[\"https:\/\/feinwerk-innenausbau.de\/?page_id=550\"]}]},{\"@type\":\"BreadcrumbList\",\"@id\":\"https:\/\/feinwerk-innenausbau.de\/?page_id=550#breadcrumb\",\"itemListElement\":[{\"@type\":\"ListItem\",\"position\":1,\"name\":\"Home\",\"item\":\"https:\/\/feinwerk-innenausbau.de\/\"},{\"@type\":\"ListItem\",\"position\":2,\"name\":\"Kontakt\"}]},{\"@type\":\"WebSite\",\"@id\":\"https:\/\/feinwerk-innenausbau.de\/#website\",\"url\":\"https:\/\/feinwerk-innenausbau.de\/\",\"name\":\"Feinwerk Innenausbau\",\"description\":\"Die Firma an Ihrer Seite\",\"publisher\":{\"@id\":\"https:\/\/feinwerk-innenausbau.de\/#organization\"},\"potentialAction\":[{\"@type\":\"SearchAction\",\"target\":{\"@type\":\"EntryPoint\",\"urlTemplate\":\"https:\/\/feinwerk-innenausbau.de\/?s={search_term_string}\"},\"query-input\":{\"@type\":\"PropertyValueSpecification\",\"valueRequired\":true,\"valueName\":\"search_term_string\"}}],\"inLanguage\":\"de\"},{\"@type\":\"Organization\",\"@id\":\"https:\/\/feinwerk-innenausbau.de\/#organization\",\"name\":\"Feinwerk Innenausbau\",\"url\":\"https:\/\/feinwerk-innenausbau.de\/\",\"logo\":{\"@type\":\"ImageObject\",\"inLanguage\":\"de\",\"@id\":\"https:\/\/feinwerk-innenausbau.de\/#\/schema\/logo\/image\/\",\"url\":\"https:\/\/feinwerk-innenausbau.de\/wp-content\/uploads\/2020\/03\/Feinwerk_Logo_White_Klein.png\",\"contentUrl\":\"https:\/\/feinwerk-innenausbau.de\/wp-content\/uploads\/2020\/03\/Feinwerk_Logo_White_Klein.png\",\"width\":97,\"height\":109,\"caption\":\"Feinwerk Innenausbau\"},\"image\":{\"@id\":\"https:\/\/feinwerk-innenausbau.de\/#\/schema\/logo\/image\/\"}}]}<\/script>\n<!-- \/ Yoast SEO plugin. -->","yoast_head_json":{"title":"Kontakt - Feinwerk Innenausbau","robots":{"index":"index","follow":"follow","max-snippet":"max-snippet:-1","max-image-preview":"max-image-preview:large","max-video-preview":"max-video-preview:-1"},"canonical":"https:\/\/feinwerk-innenausbau.de\/?page_id=550","og_locale":"de_DE","og_type":"article","og_title":"Kontakt - Feinwerk Innenausbau","og_description":"Kontakt Telefon: +49 (0) 561 430 79 777+49 (0) 173 711 88 72\u2028info(at)feinwerk-innenausbau.de Anschrift: N\u00fcrnberger Stra\u00dfe 12334123 Kassel \u00d6ffnungszeiten: Mo. &#8211; Fr.:\u00a0\u00a0\u00a0 09.00 &#8211; 18.00 UhrSa. &#8211; So- :\u00a0\u00a0 Geschlossen Ihr Name E-Mail Betreff Telefon Ihre Nachricht (optional) Ich stimme der Datenschutzerkl\u00e4rung dieser Seite zu.*","og_url":"https:\/\/feinwerk-innenausbau.de\/?page_id=550","og_site_name":"Feinwerk Innenausbau","article_modified_time":"2024-09-25T15:59:43+00:00","twitter_card":"summary_large_image","twitter_misc":{"Gesch\u00e4tzte Lesezeit":"1\u00a0Minute"},"schema":{"@context":"https:\/\/schema.org","@graph":[{"@type":"WebPage","@id":"https:\/\/feinwerk-innenausbau.de\/?page_id=550","url":"https:\/\/feinwerk-innenausbau.de\/?page_id=550","name":"Kontakt - Feinwerk Innenausbau","isPartOf":{"@id":"https:\/\/feinwerk-innenausbau.de\/#website"},"datePublished":"2024-09-23T15:14:31+00:00","dateModified":"2024-09-25T15:59:43+00:00","breadcrumb":{"@id":"https:\/\/feinwerk-innenausbau.de\/?page_id=550#breadcrumb"},"inLanguage":"de","potentialAction":[{"@type":"ReadAction","target":["https:\/\/feinwerk-innenausbau.de\/?page_id=550"]}]},{"@type":"BreadcrumbList","@id":"https:\/\/feinwerk-innenausbau.de\/?page_id=550#breadcrumb","itemListElement":[{"@type":"ListItem","position":1,"name":"Home","item":"https:\/\/feinwerk-innenausbau.de\/"},{"@type":"ListItem","position":2,"name":"Kontakt"}]},{"@type":"WebSite","@id":"https:\/\/feinwerk-innenausbau.de\/#website","url":"https:\/\/feinwerk-innenausbau.de\/","name":"Feinwerk Innenausbau","description":"Die Firma an Ihrer Seite","publisher":{"@id":"https:\/\/feinwerk-innenausbau.de\/#organization"},"potentialAction":[{"@type":"SearchAction","target":{"@type":"EntryPoint","urlTemplate":"https:\/\/feinwerk-innenausbau.de\/?s={search_term_string}"},"query-input":{"@type":"PropertyValueSpecification","valueRequired":true,"valueName":"search_term_string"}}],"inLanguage":"de"},{"@type":"Organization","@id":"https:\/\/feinwerk-innenausbau.de\/#organization","name":"Feinwerk Innenausbau","url":"https:\/\/feinwerk-innenausbau.de\/","logo":{"@type":"ImageObject","inLanguage":"de","@id":"https:\/\/feinwerk-innenausbau.de\/#\/schema\/logo\/image\/","url":"https:\/\/feinwerk-innenausbau.de\/wp-content\/uploads\/2020\/03\/Feinwerk_Logo_White_Klein.png","contentUrl":"https:\/\/feinwerk-innenausbau.de\/wp-content\/uploads\/2020\/03\/Feinwerk_Logo_White_Klein.png","width":97,"height":109,"caption":"Feinwerk Innenausbau"},"image":{"@id":"https:\/\/feinwerk-innenausbau.de\/#\/schema\/logo\/image\/"}}]}},"_links":{"self":[{"href":"https:\/\/feinwerk-innenausbau.de\/index.php?rest_route=\/wp\/v2\/pages\/550","targetHints":{"allow":["GET"]}}],"collection":[{"href":"https:\/\/feinwerk-innenausbau.de\/index.php?rest_route=\/wp\/v2\/pages"}],"about":[{"href":"https:\/\/feinwerk-innenausbau.de\/index.php?rest_route=\/wp\/v2\/types\/page"}],"author":[{"embeddable":true,"href":"https:\/\/feinwerk-innenausbau.de\/index.php?rest_route=\/wp\/v2\/users\/1"}],"replies":[{"embeddable":true,"href":"https:\/\/feinwerk-innenausbau.de\/index.php?rest_route=%2Fwp%2Fv2%2Fcomments&post=550"}],"version-history":[{"count":25,"href":"https:\/\/feinwerk-innenausbau.de\/index.php?rest_route=\/wp\/v2\/pages\/550\/revisions"}],"predecessor-version":[{"id":728,"href":"https:\/\/feinwerk-innenausbau.de\/index.php?rest_route=\/wp\/v2\/pages\/550\/revisions\/728"}],"wp:attachment":[{"href":"https:\/\/feinwerk-innenausbau.de\/index.php?rest_route=%2Fwp%2Fv2%2Fmedia&parent=550"}],"curies":[{"name":"wp","href":"https:\/\/api.w.org\/{rel}","templated":true}]}}